{"id":14,"date":"2012-11-19T18:46:15","date_gmt":"2012-11-19T18:46:15","guid":{"rendered":"http:\/\/morgensterndental.de\/?page_id=14"},"modified":"2018-05-20T19:17:58","modified_gmt":"2018-05-20T19:17:58","slug":"sprechzeiten","status":"publish","type":"page","link":"https:\/\/modenta.de\/?page_id=14","title":{"rendered":"Sprechzeiten"},"content":{"rendered":"<p>Unsere \u00d6ffnungszeiten f\u00fcr Sie:<\/p>\n<p>Montag &#8211; Dienstag &#8211; Donnerstag von 8.00 bis 18.30 Uhr<\/p>\n<p>Mittwoch und Freitag von 8.00 bis 17.00 Uhr<\/p>\n<p>Au\u00dferhalb dieser \u00d6ffnungszeiten stehen wir Ihnen nach Absprache selbstverst\u00e4ndlich auch zur Verf\u00fcgung.<\/p>\n<p>&nbsp;<\/p>\n<p>&nbsp;<\/p>\n<p>Oder schauen Sie doch einmal auf eine Tasse Kaffee bei uns vorbei!<\/p>\n<p><a href=\"https:\/\/www.modenta.de\/wp-content\/uploads\/2012\/11\/Besprechungszimmer.jpg\"><img loading=\"lazy\" decoding=\"async\" class=\"alignleft size-full wp-image-119\" title=\"Besprechungszimmer\" src=\"https:\/\/www.modenta.de\/wp-content\/uploads\/2012\/11\/Besprechungszimmer.jpg\" alt=\"\" width=\"700\" height=\"466\" srcset=\"https:\/\/modenta.de\/wp-content\/uploads\/2012\/11\/Besprechungszimmer.jpg 700w, https:\/\/modenta.de\/wp-content\/uploads\/2012\/11\/Besprechungszimmer-300x199.jpg 300w\" sizes=\"auto, (max-width: 700px) 100vw, 700px\" \/><\/a><\/p>\n<p>&nbsp;<\/p>\n<p>&nbsp;<\/p>\n<p>&nbsp;<\/p>\n<p>&nbsp;<\/p>\n<p>&nbsp;<\/p>\n<p>&nbsp;<\/p>\n<p>&nbsp;<\/p>\n<p>&nbsp;<\/p>\n<p>&nbsp;<\/p>\n<p>&nbsp;<\/p>\n<p>&nbsp;<\/p>\n<p>&nbsp;<\/p>\n<p>&nbsp;<\/p>\n<p>&nbsp;<\/p>\n<p>&nbsp;<\/p>\n<p>Eingangsbereich<\/p>\n<p><a href=\"https:\/\/www.modenta.de\/wp-content\/uploads\/2012\/11\/Warteraum.jpg\"><img loading=\"lazy\" decoding=\"async\" class=\"alignleft size-full wp-image-120\" title=\"Warteraum\" src=\"https:\/\/www.modenta.de\/wp-content\/uploads\/2012\/11\/Warteraum.jpg\" alt=\"\" width=\"500\" height=\"369\" srcset=\"https:\/\/modenta.de\/wp-content\/uploads\/2012\/11\/Warteraum.jpg 500w, https:\/\/modenta.de\/wp-content\/uploads\/2012\/11\/Warteraum-300x221.jpg 300w\" sizes=\"auto, (max-width: 500px) 100vw, 500px\" \/><\/a><\/p>\n<p>&nbsp;<\/p>\n<p>&nbsp;<\/p>\n","protected":false},"excerpt":{"rendered":"<p>Unsere \u00d6ffnungszeiten f\u00fcr Sie: Montag &#8211; Dienstag &#8211; Donnerstag von 8.00 bis 18.30 Uhr Mittwoch und Freitag von 8.00 bis 17.00 Uhr Au\u00dferhalb dieser \u00d6ffnungszeiten stehen wir Ihnen nach Absprache selbstverst\u00e4ndlich auch zur Verf\u00fcgung. &nbsp; &nbsp; Oder schauen Sie doch einmal auf eine Tasse Kaffee bei uns vorbei! &nbsp; &nbsp; &nbsp; &nbsp; &nbsp; &nbsp; &nbsp; [&hellip;]<\/p>\n","protected":false},"author":1,"featured_media":0,"parent":0,"menu_order":0,"comment_status":"closed","ping_status":"closed","template":"","meta":{"footnotes":""},"class_list":["post-14","page","type-page","status-publish","hentry"],"_links":{"self":[{"href":"https:\/\/modenta.de\/index.php?rest_route=\/wp\/v2\/pages\/14","targetHints":{"allow":["GET"]}}],"collection":[{"href":"https:\/\/modenta.de\/index.php?rest_route=\/wp\/v2\/pages"}],"about":[{"href":"https:\/\/modenta.de\/index.php?rest_route=\/wp\/v2\/types\/page"}],"author":[{"embeddable":true,"href":"https:\/\/modenta.de\/index.php?rest_route=\/wp\/v2\/users\/1"}],"replies":[{"embeddable":true,"href":"https:\/\/modenta.de\/index.php?rest_route=%2Fwp%2Fv2%2Fcomments&post=14"}],"version-history":[{"count":9,"href":"https:\/\/modenta.de\/index.php?rest_route=\/wp\/v2\/pages\/14\/revisions"}],"predecessor-version":[{"id":255,"href":"https:\/\/modenta.de\/index.php?rest_route=\/wp\/v2\/pages\/14\/revisions\/255"}],"wp:attachment":[{"href":"https:\/\/modenta.de\/index.php?rest_route=%2Fwp%2Fv2%2Fmedia&parent=14"}],"curies":[{"name":"wp","href":"https:\/\/api.w.org\/{rel}","templated":true}]}}