{"id":179,"date":"2018-05-20T18:36:26","date_gmt":"2018-05-20T18:36:26","guid":{"rendered":"http:\/\/modenta.de\/?page_id=179"},"modified":"2018-05-20T18:36:26","modified_gmt":"2018-05-20T18:36:26","slug":"datenschutzhinweis","status":"publish","type":"page","link":"https:\/\/modenta.de\/?page_id=179","title":{"rendered":"Datenschutzhinweis"},"content":{"rendered":"<p>Kontaktformular<\/p>\n<p>Wir erheben Ihre Daten zum Zweck der Durchf\u00fchrung Ihrer Kontaktanfrage. Die Datenverarbeitung beruht auf Artikel 6 Abs. 1) DSGVO. Unser berechtigtes Interesse ist, Ihre Anfrage zu beantworten. Eine Weitergabe der Daten an Dritte findet nicht statt. Die Daten werden gel\u00f6scht, sobald sie f\u00fcr den Zweck ihrer Verarbeitung nicht mehr erforderlich sind. Sie haben das Recht, der Verwendung Ihrer Daten zum Zweck der Kontaktaufnahme jederzeit zu wiedersprechen.<\/p>\n<p>Ihre Rechte<\/p>\n<p>Sie sind berechtigt, Auskunft der bei uns \u00fcber Sie gespeicherten Daten zu beantragen, sowie bei Unrichtigkeit der Daten die Berichtigung oder bei unzul\u00e4ssiger Datenspeicherung die L\u00f6schung der Daten zu fordern. Ihnen steht des Weiteren ein Beschwerderecht bei der Aufsichtsbeh\u00f6rde zu.<\/p>\n","protected":false},"excerpt":{"rendered":"<p>Kontaktformular Wir erheben Ihre Daten zum Zweck der Durchf\u00fchrung Ihrer Kontaktanfrage. Die Datenverarbeitung beruht auf Artikel 6 Abs. 1) DSGVO. Unser berechtigtes Interesse ist, Ihre Anfrage zu beantworten. Eine Weitergabe der Daten an Dritte findet nicht statt. Die Daten werden gel\u00f6scht, sobald sie f\u00fcr den Zweck ihrer Verarbeitung nicht mehr erforderlich sind. Sie haben das [&hellip;]<\/p>\n","protected":false},"author":1,"featured_media":0,"parent":0,"menu_order":0,"comment_status":"closed","ping_status":"closed","template":"","meta":{"footnotes":""},"class_list":["post-179","page","type-page","status-publish","hentry"],"_links":{"self":[{"href":"https:\/\/modenta.de\/index.php?rest_route=\/wp\/v2\/pages\/179","targetHints":{"allow":["GET"]}}],"collection":[{"href":"https:\/\/modenta.de\/index.php?rest_route=\/wp\/v2\/pages"}],"about":[{"href":"https:\/\/modenta.de\/index.php?rest_route=\/wp\/v2\/types\/page"}],"author":[{"embeddable":true,"href":"https:\/\/modenta.de\/index.php?rest_route=\/wp\/v2\/users\/1"}],"replies":[{"embeddable":true,"href":"https:\/\/modenta.de\/index.php?rest_route=%2Fwp%2Fv2%2Fcomments&post=179"}],"version-history":[{"count":1,"href":"https:\/\/modenta.de\/index.php?rest_route=\/wp\/v2\/pages\/179\/revisions"}],"predecessor-version":[{"id":180,"href":"https:\/\/modenta.de\/index.php?rest_route=\/wp\/v2\/pages\/179\/revisions\/180"}],"wp:attachment":[{"href":"https:\/\/modenta.de\/index.php?rest_route=%2Fwp%2Fv2%2Fmedia&parent=179"}],"curies":[{"name":"wp","href":"https:\/\/api.w.org\/{rel}","templated":true}]}}