{"id":23,"date":"2012-11-19T21:27:27","date_gmt":"2012-11-19T21:27:27","guid":{"rendered":"http:\/\/morgensterndental.de\/?page_id=23"},"modified":"2020-04-09T10:14:31","modified_gmt":"2020-04-09T10:14:31","slug":"news","status":"publish","type":"page","link":"https:\/\/modenta.de\/?page_id=23","title":{"rendered":"News"},"content":{"rendered":"<p><strong>Coronakrise\u00a0<\/strong><\/p>\n<p><strong>Wir haben uns zeitnah darauf eingestellt und unsere Hygieneschleusen ausgebaut. Sie erhalten alle Arbeiten zur Zeit, speziell desinfiziert und vakuumisiert ausgeliefert.<\/strong><\/p>\n<p><span style=\"color: #3366ff;\"><strong>Modenta GmbH &amp; Co. KG<\/strong><\/span><\/p>\n<p>News<\/p>\n<p>Wir haben unser Team um einige Mitarbeiter erweitert.<\/p>\n<p>Unsere Spezialisten erm\u00f6glichen es, Ihre Arbeiten passgenau und termingerecht auszuf\u00fchren.<\/p>\n<p style=\"text-align: left;\"><a href=\"https:\/\/modenta.de\/wp-content\/uploads\/2012\/11\/wsb_506x336_2Bohrer2.jpg\"><img loading=\"lazy\" decoding=\"async\" class=\"alignnone size-full wp-image-28\" title=\"_wsb_506x336_2Bohrer\" src=\"https:\/\/modenta.de\/wp-content\/uploads\/2012\/11\/wsb_506x336_2Bohrer2.jpg\" alt=\"\" width=\"500\" height=\"332\" srcset=\"https:\/\/modenta.de\/wp-content\/uploads\/2012\/11\/wsb_506x336_2Bohrer2.jpg 500w, https:\/\/modenta.de\/wp-content\/uploads\/2012\/11\/wsb_506x336_2Bohrer2-300x199.jpg 300w, https:\/\/modenta.de\/wp-content\/uploads\/2012\/11\/wsb_506x336_2Bohrer2-451x300.jpg 451w\" sizes=\"auto, (max-width: 500px) 100vw, 500px\" \/><\/a><\/p>\n<hr align=\"left\" noshade=\"noshade\" size=\"1\" width=\"500\" \/>\n<p style=\"text-align: left;\">Unsere USB-Mitarbeiter f\u00fcr die XML-Daten\u00fcbertragung.<\/p>\n<p style=\"text-align: left;\"><a href=\"https:\/\/modenta.de\/wp-content\/uploads\/2012\/11\/wsb_564x407_IMG_97711.jpg\"><img loading=\"lazy\" decoding=\"async\" class=\"alignnone size-full wp-image-29\" title=\"_wsb_564x407_IMG_9771\" src=\"https:\/\/modenta.de\/wp-content\/uploads\/2012\/11\/wsb_564x407_IMG_97711.jpg\" alt=\"\" width=\"500\" height=\"361\" srcset=\"https:\/\/modenta.de\/wp-content\/uploads\/2012\/11\/wsb_564x407_IMG_97711.jpg 500w, https:\/\/modenta.de\/wp-content\/uploads\/2012\/11\/wsb_564x407_IMG_97711-300x216.jpg 300w, https:\/\/modenta.de\/wp-content\/uploads\/2012\/11\/wsb_564x407_IMG_97711-415x300.jpg 415w\" sizes=\"auto, (max-width: 500px) 100vw, 500px\" \/><\/a><\/p>\n<hr align=\"left\" noshade=\"noshade\" size=\"1\" width=\"500\" \/>\n<p style=\"text-align: left;\">Ein Team<\/p>\n<p style=\"text-align: left;\"><a href=\"https:\/\/modenta.de\/wp-content\/uploads\/2012\/11\/wsb_520x324_IMG_7633_2.jpg\"><img loading=\"lazy\" decoding=\"async\" class=\"alignnone size-full wp-image-30\" title=\"_wsb_520x324_IMG_7633_2\" src=\"https:\/\/modenta.de\/wp-content\/uploads\/2012\/11\/wsb_520x324_IMG_7633_2.jpg\" alt=\"\" width=\"500\" height=\"312\" srcset=\"https:\/\/modenta.de\/wp-content\/uploads\/2012\/11\/wsb_520x324_IMG_7633_2.jpg 500w, https:\/\/modenta.de\/wp-content\/uploads\/2012\/11\/wsb_520x324_IMG_7633_2-300x187.jpg 300w, https:\/\/modenta.de\/wp-content\/uploads\/2012\/11\/wsb_520x324_IMG_7633_2-480x300.jpg 480w\" sizes=\"auto, (max-width: 500px) 100vw, 500px\" \/><\/a><\/p>\n<hr align=\"left\" noshade=\"noshade\" size=\"1\" width=\"500\" \/>\n<p style=\"text-align: left;\">Wir haben die richtige Mischung f\u00fcr Sie.<\/p>\n<p style=\"text-align: left;\">Unser 3 Shape Arbeitsplatz,\u00a0auch geeignet f\u00fcr Ihre Oralscans.<\/p>\n<p style=\"text-align: left;\">Genauigkeit hat ihre Leistung (Zeiss Optik)<\/p>\n<p style=\"text-align: left;\"><a href=\"https:\/\/modenta.de\/wp-content\/uploads\/2012\/11\/wsb_516x343_Micro.jpg\"><img loading=\"lazy\" decoding=\"async\" class=\"alignnone size-full wp-image-31\" title=\"_wsb_516x343_Micro\" src=\"https:\/\/modenta.de\/wp-content\/uploads\/2012\/11\/wsb_516x343_Micro.jpg\" alt=\"\" width=\"500\" height=\"332\" srcset=\"https:\/\/modenta.de\/wp-content\/uploads\/2012\/11\/wsb_516x343_Micro.jpg 500w, https:\/\/modenta.de\/wp-content\/uploads\/2012\/11\/wsb_516x343_Micro-300x199.jpg 300w, https:\/\/modenta.de\/wp-content\/uploads\/2012\/11\/wsb_516x343_Micro-451x300.jpg 451w\" sizes=\"auto, (max-width: 500px) 100vw, 500px\" \/><\/a><\/p>\n<hr align=\"left\" noshade=\"noshade\" size=\"1\" width=\"500\" \/>\n<hr align=\"left\" noshade=\"noshade\" size=\"1\" width=\"500\" \/>\n","protected":false},"excerpt":{"rendered":"<p>Coronakrise\u00a0 Wir haben uns zeitnah darauf eingestellt und unsere Hygieneschleusen ausgebaut. Sie erhalten alle Arbeiten zur Zeit, speziell desinfiziert und vakuumisiert ausgeliefert. Modenta GmbH &amp; Co. KG News Wir haben unser Team um einige Mitarbeiter erweitert. Unsere Spezialisten erm\u00f6glichen es, Ihre Arbeiten passgenau und termingerecht auszuf\u00fchren. Unsere USB-Mitarbeiter f\u00fcr die XML-Daten\u00fcbertragung. Ein Team Wir haben [&hellip;]<\/p>\n","protected":false},"author":1,"featured_media":0,"parent":0,"menu_order":0,"comment_status":"closed","ping_status":"closed","template":"","meta":{"footnotes":""},"class_list":["post-23","page","type-page","status-publish","hentry"],"_links":{"self":[{"href":"https:\/\/modenta.de\/index.php?rest_route=\/wp\/v2\/pages\/23","targetHints":{"allow":["GET"]}}],"collection":[{"href":"https:\/\/modenta.de\/index.php?rest_route=\/wp\/v2\/pages"}],"about":[{"href":"https:\/\/modenta.de\/index.php?rest_route=\/wp\/v2\/types\/page"}],"author":[{"embeddable":true,"href":"https:\/\/modenta.de\/index.php?rest_route=\/wp\/v2\/users\/1"}],"replies":[{"embeddable":true,"href":"https:\/\/modenta.de\/index.php?rest_route=%2Fwp%2Fv2%2Fcomments&post=23"}],"version-history":[{"count":16,"href":"https:\/\/modenta.de\/index.php?rest_route=\/wp\/v2\/pages\/23\/revisions"}],"predecessor-version":[{"id":247,"href":"https:\/\/modenta.de\/index.php?rest_route=\/wp\/v2\/pages\/23\/revisions\/247"}],"wp:attachment":[{"href":"https:\/\/modenta.de\/index.php?rest_route=%2Fwp%2Fv2%2Fmedia&parent=23"}],"curies":[{"name":"wp","href":"https:\/\/api.w.org\/{rel}","templated":true}]}}