{"id":43,"date":"2012-11-19T21:31:49","date_gmt":"2012-11-19T21:31:49","guid":{"rendered":"http:\/\/morgensterndental.de\/?page_id=43"},"modified":"2024-01-09T10:07:02","modified_gmt":"2024-01-09T10:07:02","slug":"oralscan","status":"publish","type":"page","link":"https:\/\/modenta.de\/?page_id=43","title":{"rendered":"Oralscan"},"content":{"rendered":"<p>Sehr geehrte Zahnarztpraxis,<\/p>\n<p>wir haben die M\u00f6glichkeit f\u00fcr Sie mit verschiedenen Oralscananbietern<\/p>\n<p>zusammenzuarbeiten.<\/p>\n<p>Wegen der Komplexibilit\u00e4t dieser Systeme wenden Sie sich bitte an<\/p>\n<p>Herrn Szenczer 05841 \/ 71011 oder e-mail: <a href=\"mailto: hmodenta@t-online.de\">modenta@magenta.de<\/a><\/p>\n<p>Ihre Oralscans werden wir mit unserem 3shape System bearbeiten.<\/p>\n<p><a href=\"https:\/\/www.modenta.de\/wp-content\/uploads\/2012\/11\/Scannersystem.jpg\"><img loading=\"lazy\" decoding=\"async\" class=\"alignleft size-full wp-image-123\" title=\"Scannersystem\" src=\"https:\/\/www.modenta.de\/wp-content\/uploads\/2012\/11\/Scannersystem.jpg\" alt=\"\" width=\"500\" height=\"359\" srcset=\"https:\/\/modenta.de\/wp-content\/uploads\/2012\/11\/Scannersystem.jpg 500w, https:\/\/modenta.de\/wp-content\/uploads\/2012\/11\/Scannersystem-300x215.jpg 300w\" sizes=\"auto, (max-width: 500px) 100vw, 500px\" \/><\/a><\/p>\n","protected":false},"excerpt":{"rendered":"<p>Sehr geehrte Zahnarztpraxis, wir haben die M\u00f6glichkeit f\u00fcr Sie mit verschiedenen Oralscananbietern zusammenzuarbeiten. Wegen der Komplexibilit\u00e4t dieser Systeme wenden Sie sich bitte an Herrn Szenczer 05841 \/ 71011 oder e-mail: modenta@magenta.de Ihre Oralscans werden wir mit unserem 3shape System bearbeiten.<\/p>\n","protected":false},"author":1,"featured_media":0,"parent":0,"menu_order":0,"comment_status":"closed","ping_status":"closed","template":"","meta":{"footnotes":""},"class_list":["post-43","page","type-page","status-publish","hentry"],"_links":{"self":[{"href":"https:\/\/modenta.de\/index.php?rest_route=\/wp\/v2\/pages\/43","targetHints":{"allow":["GET"]}}],"collection":[{"href":"https:\/\/modenta.de\/index.php?rest_route=\/wp\/v2\/pages"}],"about":[{"href":"https:\/\/modenta.de\/index.php?rest_route=\/wp\/v2\/types\/page"}],"author":[{"embeddable":true,"href":"https:\/\/modenta.de\/index.php?rest_route=\/wp\/v2\/users\/1"}],"replies":[{"embeddable":true,"href":"https:\/\/modenta.de\/index.php?rest_route=%2Fwp%2Fv2%2Fcomments&post=43"}],"version-history":[{"count":4,"href":"https:\/\/modenta.de\/index.php?rest_route=\/wp\/v2\/pages\/43\/revisions"}],"predecessor-version":[{"id":274,"href":"https:\/\/modenta.de\/index.php?rest_route=\/wp\/v2\/pages\/43\/revisions\/274"}],"wp:attachment":[{"href":"https:\/\/modenta.de\/index.php?rest_route=%2Fwp%2Fv2%2Fmedia&parent=43"}],"curies":[{"name":"wp","href":"https:\/\/api.w.org\/{rel}","templated":true}]}}