{"id":57,"date":"2012-11-19T21:37:28","date_gmt":"2012-11-19T21:37:28","guid":{"rendered":"http:\/\/morgensterndental.de\/?page_id=57"},"modified":"2024-01-09T10:05:36","modified_gmt":"2024-01-09T10:05:36","slug":"impressum","status":"publish","type":"page","link":"https:\/\/modenta.de\/?page_id=57","title":{"rendered":"Impressum \/ Datenschutzhinweis"},"content":{"rendered":"<p>Firmenname:\u00a0\u00a0 \u00a0 \u00a0 \u00a0 Modenta GmbH &amp; Co. KG<\/p>\n<p>Verantwortlich: \u00a0 \u00a0 Ztm. Markus Szenczer<\/p>\n<p>e-mail: \u00a0 \u00a0 \u00a0 \u00a0 \u00a0 \u00a0 modenta@magenta.de<\/p>\n<p>Handelsregister: \u00a0 \u00a0Amtsgericht L\u00fcneburg HRA 201045<\/p>\n<p>Aufsichtsbeh\u00f6rde: \u00a0Handwerkskammer Braunschweig-L\u00fcneburg-Stade<\/p>\n<p>Betriebsnummer: \u00a0 \u00a0 2280004419<\/p>\n<p>Berufsbezeichnung: Zahntechniker-Handwerk<\/p>\n<p>Berufsrechtliche Reglungen: www.bundesrecht.juris.de<\/p>\n<p>Gesetz zur Ordnung des Handwerks<\/p>\n<p>(Handwerksordnung)<\/p>\n<p>Gesetz \u00fcber Medizinprodukte<\/p>\n<p>(Medizinproduktegesetz-MPG)<\/p>\n<p>Kontaktformular<\/p>\n<p>Wir erheben Ihre Daten zum Zweck der Durchf\u00fchrung Ihrer Kontaktanfrage. Die Datenverarbeitung beruht auf Artikel 6 Abs. 1 f) DSGVO. Unser berechtigtes Interesse ist, Ihre Anfrage zu beantworten. Eine Weitergabe der Daten an Dritte findet nicht statt. Die Daten werden gel\u00f6scht, sobald sie f\u00fcr den Zweck ihrer Verarbeitung nicht mehr erforderlich sind. Sie haben das Recht, der Verwendung Ihrer Daten zum Zweck der Kontaktaufnahme jederzeit zu wiedersprechen.<\/p>\n<p>Ihre Rechte<\/p>\n<p>Sie sind berechtigt, Auskunft der bei uns \u00fcber Sie gespeicherten Daten zu beantragen, sowie bei Unrichtigkeit der Daten die Berichtigung oder bei unzul\u00e4ssiger Datenspeicherung die L\u00f6schung der Daten zu fordern. Ihnen steht des Weiteren ein Beschwerderecht bei der Aufsichtsbeh\u00f6rde zu.<\/p>\n<p>Haftungshinweis: \u00a0 \u00a0\u00a0 Die Modenta GmbH &amp; Co. KG bem\u00fcht sich auf dieser Webseite nur vollst\u00e4ndige und richtige Informationen zu ver\u00f6ffentlichen, kann jedoch keine Haftung oder Garantie f\u00fcr Aktualit\u00e4t, Richtigkeit und Vollst\u00e4ndigkeit der Informationen \u00fcbernehmen. Diese Seite ist st\u00e4ndig Ver\u00e4nderungen und Erg\u00e4nzungen unterworfen, die der Aktualisierung und Bereicherung der angebotenen Informationen und Funktionen dienen. Die Herausgeberin der Seite, die Modenta GmbH &amp; Co. KG, haftet nicht f\u00fcr direkte oder indirekte Sch\u00e4den, einschlie\u00dflich entgangenen Gewinns, die mit der Nutzung des Informations- und Funktionsangebotes dieser Seite in Verbindung gebracht werden k\u00f6nnen. Das gilt insbesondere auch f\u00fcr ausgewiesene Links (Verbindungen) zu anderen Webseiten, auf die die Modenta GmbH &amp; Co. KG keinen Einfluss hat und f\u00fcr deren Inhalt Sie keine Verantwortung tr\u00e4gt.<\/p>\n<p>Die Firma Modenta GmbH &amp; Co. KG ist sich der Problematik des Datenschutzes im Internet bewusst. Die \u00fcbersandten Dateien werden nur f\u00fcr interne Zwecke und entsprechend den Bestimmungen des Bundesdatenschutzgesetzes (BDSG) gespeichert und keinesfalls ohne Zustimmung an Dritte weitergegeben.<\/p>\n<p>Der Inhalt dieser Webseite ist urheberrechtlich gesch\u00fctzt. Kommerzielle Nutzung zur Weiterver\u00f6ffentlichung oder kostenloser Verteilung nur in Absprache mit der Firma Modenta GmbH &amp; Co. KG<\/p>\n<p>Auch diese Hinweise unterliegen der Aktualisierung.<\/p>\n","protected":false},"excerpt":{"rendered":"<p>Firmenname:\u00a0\u00a0 \u00a0 \u00a0 \u00a0 Modenta GmbH &amp; Co. KG Verantwortlich: \u00a0 \u00a0 Ztm. Markus Szenczer e-mail: \u00a0 \u00a0 \u00a0 \u00a0 \u00a0 \u00a0 modenta@magenta.de Handelsregister: \u00a0 \u00a0Amtsgericht L\u00fcneburg HRA 201045 Aufsichtsbeh\u00f6rde: \u00a0Handwerkskammer Braunschweig-L\u00fcneburg-Stade Betriebsnummer: \u00a0 \u00a0 2280004419 Berufsbezeichnung: Zahntechniker-Handwerk Berufsrechtliche Reglungen: www.bundesrecht.juris.de Gesetz zur Ordnung des Handwerks (Handwerksordnung) Gesetz \u00fcber Medizinprodukte (Medizinproduktegesetz-MPG) Kontaktformular Wir erheben Ihre [&hellip;]<\/p>\n","protected":false},"author":1,"featured_media":0,"parent":0,"menu_order":0,"comment_status":"closed","ping_status":"closed","template":"","meta":{"footnotes":""},"class_list":["post-57","page","type-page","status-publish","hentry"],"_links":{"self":[{"href":"https:\/\/modenta.de\/index.php?rest_route=\/wp\/v2\/pages\/57","targetHints":{"allow":["GET"]}}],"collection":[{"href":"https:\/\/modenta.de\/index.php?rest_route=\/wp\/v2\/pages"}],"about":[{"href":"https:\/\/modenta.de\/index.php?rest_route=\/wp\/v2\/types\/page"}],"author":[{"embeddable":true,"href":"https:\/\/modenta.de\/index.php?rest_route=\/wp\/v2\/users\/1"}],"replies":[{"embeddable":true,"href":"https:\/\/modenta.de\/index.php?rest_route=%2Fwp%2Fv2%2Fcomments&post=57"}],"version-history":[{"count":4,"href":"https:\/\/modenta.de\/index.php?rest_route=\/wp\/v2\/pages\/57\/revisions"}],"predecessor-version":[{"id":273,"href":"https:\/\/modenta.de\/index.php?rest_route=\/wp\/v2\/pages\/57\/revisions\/273"}],"wp:attachment":[{"href":"https:\/\/modenta.de\/index.php?rest_route=%2Fwp%2Fv2%2Fmedia&parent=57"}],"curies":[{"name":"wp","href":"https:\/\/api.w.org\/{rel}","templated":true}]}}