{"id":78,"date":"2012-11-18T20:43:29","date_gmt":"2012-11-18T20:43:29","guid":{"rendered":"http:\/\/morgensterndental.de\/?page_id=2"},"modified":"2024-01-09T10:34:55","modified_gmt":"2024-01-09T10:34:55","slug":"sample-page-2","status":"publish","type":"page","link":"https:\/\/modenta.de\/","title":{"rendered":"Labor f\u00fcr Zahnersatz"},"content":{"rendered":"<h4 style=\"text-align: left;\"><strong>Ein Meister, ein leistungsf\u00e4higes Team !<\/strong><\/h4>\n<p style=\"text-align: left;\">Dadurch sind wir auch in der Zukunft gut aufgestellt.<\/p>\n<p style=\"text-align: left;\">Mit ZTM Markus Szenczer steht Ihnen ein erfahrener Zahntechnikermeister f\u00fcr einen erfolgreichen Betrieb in Zukunft zur Verf\u00fcgung.<\/p>\n<p style=\"text-align: left;\">Als Dentallabor und Ihr Dienstleister w\u00fcrden wir uns gerne f\u00fcr Ihre Zahnarztpraxis einsetzen und Sie f\u00fcr eine Zusammenarbeit gewinnen.Nutzen Sie diese Leistungen f\u00fcr Ihre Praxis in L\u00fcchow-Dannenberg , Salzwedel oder L\u00fcneburg und Uelzen.<\/p>\n<p style=\"text-align: left;\">Lassen Sie etwas neues, auf Sich zukommen und f\u00fchren Sie ein inspirierendes Gespr\u00e4ch mit mir,<\/p>\n<p style=\"text-align: left;\">\u00fcber Ihre Interessen.<\/p>\n<p style=\"text-align: left;\"><strong style=\"font-size: inherit;\"><em>Eine Zusammenarbeit hat manchmal kleine Anf\u00e4nge, zusammen sind wir stark!<\/em><\/strong><\/p>\n<p><a href=\"https:\/\/modenta.de\/wp-content\/uploads\/2020\/05\/Unser-Sprechzimmer.jpeg\"><img loading=\"lazy\" decoding=\"async\" class=\"wp-image-252 aligncenter\" src=\"https:\/\/modenta.de\/wp-content\/uploads\/2020\/05\/Unser-Sprechzimmer.jpeg\" alt=\"\" width=\"500\" height=\"530\" srcset=\"https:\/\/modenta.de\/wp-content\/uploads\/2020\/05\/Unser-Sprechzimmer.jpeg 1154w, https:\/\/modenta.de\/wp-content\/uploads\/2020\/05\/Unser-Sprechzimmer-283x300.jpeg 283w, https:\/\/modenta.de\/wp-content\/uploads\/2020\/05\/Unser-Sprechzimmer-966x1024.jpeg 966w, https:\/\/modenta.de\/wp-content\/uploads\/2020\/05\/Unser-Sprechzimmer-768x814.jpeg 768w\" sizes=\"auto, (max-width: 500px) 100vw, 500px\" \/><\/a><\/p>\n<p>Gerne beantworten ich Ihre Fragen und freue mich auf Sie!<\/p>\n<p>Markus Szenczer<\/p>\n<p>Modenta GmbH &amp; Co. KG<\/p>\n","protected":false},"excerpt":{"rendered":"<p>Ein Meister, ein leistungsf\u00e4higes Team ! Dadurch sind wir auch in der Zukunft gut aufgestellt. Mit ZTM Markus Szenczer steht Ihnen ein erfahrener Zahntechnikermeister f\u00fcr einen erfolgreichen Betrieb in Zukunft zur Verf\u00fcgung. Als Dentallabor und Ihr Dienstleister w\u00fcrden wir uns gerne f\u00fcr Ihre Zahnarztpraxis einsetzen und Sie f\u00fcr eine Zusammenarbeit gewinnen.Nutzen Sie diese Leistungen f\u00fcr [&hellip;]<\/p>\n","protected":false},"author":1,"featured_media":0,"parent":0,"menu_order":0,"comment_status":"open","ping_status":"open","template":"","meta":{"footnotes":""},"class_list":["post-78","page","type-page","status-publish","hentry"],"_links":{"self":[{"href":"https:\/\/modenta.de\/index.php?rest_route=\/wp\/v2\/pages\/78","targetHints":{"allow":["GET"]}}],"collection":[{"href":"https:\/\/modenta.de\/index.php?rest_route=\/wp\/v2\/pages"}],"about":[{"href":"https:\/\/modenta.de\/index.php?rest_route=\/wp\/v2\/types\/page"}],"author":[{"embeddable":true,"href":"https:\/\/modenta.de\/index.php?rest_route=\/wp\/v2\/users\/1"}],"replies":[{"embeddable":true,"href":"https:\/\/modenta.de\/index.php?rest_route=%2Fwp%2Fv2%2Fcomments&post=78"}],"version-history":[{"count":20,"href":"https:\/\/modenta.de\/index.php?rest_route=\/wp\/v2\/pages\/78\/revisions"}],"predecessor-version":[{"id":277,"href":"https:\/\/modenta.de\/index.php?rest_route=\/wp\/v2\/pages\/78\/revisions\/277"}],"wp:attachment":[{"href":"https:\/\/modenta.de\/index.php?rest_route=%2Fwp%2Fv2%2Fmedia&parent=78"}],"curies":[{"name":"wp","href":"https:\/\/api.w.org\/{rel}","templated":true}]}}